{"id":185,"date":"2026-02-26T20:47:26","date_gmt":"2026-02-26T19:47:26","guid":{"rendered":"https:\/\/www.gscconsulting.fr\/?page_id=185"},"modified":"2026-02-26T22:14:34","modified_gmt":"2026-02-26T21:14:34","slug":"contact","status":"publish","type":"page","link":"https:\/\/www.gscconsulting.fr\/?page_id=185","title":{"rendered":"Contactez-nous"},"content":{"rendered":"\t\t<div data-elementor-type=\"wp-page\" data-elementor-id=\"185\" class=\"elementor elementor-185\">\n\t\t\t\t<div class=\"elementor-element elementor-element-37aabbe e-flex e-con-boxed e-con e-parent\" data-id=\"37aabbe\" data-element_type=\"container\" data-e-type=\"container\" data-settings=\"{&quot;background_background&quot;:&quot;classic&quot;,&quot;shape_divider_bottom&quot;:&quot;opacity-fan&quot;}\">\n\t\t\t\t\t<div class=\"e-con-inner\">\n\t\t\t\t<div class=\"elementor-shape elementor-shape-bottom\" aria-hidden=\"true\" data-negative=\"false\">\n\t\t\t<svg xmlns=\"http:\/\/www.w3.org\/2000\/svg\" viewBox=\"0 0 283.5 19.6\" preserveAspectRatio=\"none\">\n\t<path class=\"elementor-shape-fill\" style=\"opacity:0.33\" d=\"M0 0L0 18.8 141.8 4.1 283.5 18.8 283.5 0z\"\/>\n\t<path class=\"elementor-shape-fill\" style=\"opacity:0.33\" d=\"M0 0L0 12.6 141.8 4 283.5 12.6 283.5 0z\"\/>\n\t<path class=\"elementor-shape-fill\" style=\"opacity:0.33\" d=\"M0 0L0 6.4 141.8 4 283.5 6.4 283.5 0z\"\/>\n\t<path class=\"elementor-shape-fill\" d=\"M0 0L0 1.2 141.8 4 283.5 1.2 283.5 0z\"\/>\n<\/svg>\t\t<\/div>\n\t\t\t\t<div class=\"elementor-element elementor-element-fe20a55 elementor-widget elementor-widget-heading\" data-id=\"fe20a55\" data-element_type=\"widget\" data-e-type=\"widget\" data-widget_type=\"heading.default\">\n\t\t\t\t\t<h1 class=\"elementor-heading-title elementor-size-default\">Parlons de votre projet !<\/h1>\t\t\t\t<\/div>\n\t\t\t\t<div class=\"elementor-element elementor-element-6c6fbc1 elementor-invisible elementor-widget elementor-widget-text-editor\" data-id=\"6c6fbc1\" data-element_type=\"widget\" data-e-type=\"widget\" data-settings=\"{&quot;_animation&quot;:&quot;fadeIn&quot;}\" data-widget_type=\"text-editor.default\">\n\t\t\t\t\t\t\t\t\t<p class=\"ss\">Depuis plus de 25 ans, GSC Consultants accompagne les directions immobili\u00e8res et les services g\u00e9n\u00e9raux des grandes entreprises fran\u00e7aises. Que vous envisagiez une relocalisation, une optimisation de votre patrimoine ou une refonte de vos espaces de travail, notre \u00e9quipe analyse votre situation avec pr\u00e9cision et vous propose une approche sur mesure, ind\u00e9pendante de tout prestataire. D\u00e9crivez-nous votre contexte, nous vous r\u00e9pondons rapidement.<\/p>\t\t\t\t\t\t\t\t<\/div>\n\t\t\t\t<div class=\"elementor-element elementor-element-6d60a23 elementor-widget-divider--view-line elementor-widget elementor-widget-divider\" data-id=\"6d60a23\" data-element_type=\"widget\" data-e-type=\"widget\" data-widget_type=\"divider.default\">\n\t\t\t\t\t\t\t<div class=\"elementor-divider\">\n\t\t\t<span class=\"elementor-divider-separator\">\n\t\t\t\t\t\t<\/span>\n\t\t<\/div>\n\t\t\t\t\t\t<\/div>\n\t\t\t\t\t<\/div>\n\t\t\t\t<\/div>\n\t\t<div class=\"elementor-element elementor-element-e386a19 e-flex e-con-boxed e-con e-parent\" data-id=\"e386a19\" data-element_type=\"container\" data-e-type=\"container\">\n\t\t\t\t\t<div class=\"e-con-inner\">\n\t\t<div class=\"elementor-element elementor-element-c0e85c3 e-con-full e-flex e-con e-child\" data-id=\"c0e85c3\" data-element_type=\"container\" data-e-type=\"container\">\n\t\t\t\t<div class=\"elementor-element elementor-element-c65b705 eael-wpforms-labels-yes eael-wpforms-form-button-custom elementor-widget elementor-widget-eael-wpforms\" data-id=\"c65b705\" data-element_type=\"widget\" data-e-type=\"widget\" data-widget_type=\"eael-wpforms.default\">\n\t\t\t\t\t            <div class=\"eael-contact-form eael-wpforms eael-wpforms-align-default\">\n                                <div class=\"wpforms-container wpforms-container-full wpforms-render-modern\" id=\"wpforms-14\"><form id=\"wpforms-form-14\" class=\"wpforms-validate wpforms-form wpforms-ajax-form\" data-formid=\"14\" method=\"post\" enctype=\"multipart\/form-data\" action=\"\/index.php?rest_route=%2Fwp%2Fv2%2Fpages%2F185\" data-token=\"7f41507593f75d78d1f45cb675b15fec\" data-token-time=\"1776141282\"><noscript class=\"wpforms-error-noscript\">Veuillez activer JavaScript dans votre navigateur pour remplir ce formulaire.<\/noscript><div id=\"wpforms-error-noscript\" style=\"display: none;\">Veuillez activer JavaScript dans votre navigateur pour remplir ce formulaire.<\/div><div class=\"wpforms-field-container\">\t\t<div id=\"wpforms-14-field_4-container\"\n\t\t\tclass=\"wpforms-field wpforms-field-text\"\n\t\t\tdata-field-type=\"text\"\n\t\t\tdata-field-id=\"4\"\n\t\t\t>\n\t\t\t<label class=\"wpforms-field-label\" for=\"wpforms-14-field_4\" >Faites-nous mail Nom<\/label>\n\t\t\t<input type=\"text\" id=\"wpforms-14-field_4\" class=\"wpforms-field-medium\" name=\"wpforms[fields][4]\" >\n\t\t<\/div>\n\t\t<div id=\"wpforms-14-field_1-container\" class=\"wpforms-field wpforms-field-name\" data-field-id=\"1\"><fieldset><legend class=\"wpforms-field-label\">Nom <span class=\"wpforms-required-label\" aria-hidden=\"true\">*<\/span><\/legend><div class=\"wpforms-field-row wpforms-field-medium\"><div class=\"wpforms-field-row-block wpforms-first wpforms-one-half\"><input type=\"text\" id=\"wpforms-14-field_1\" class=\"wpforms-field-name-first wpforms-field-required\" name=\"wpforms[fields][1][first]\" aria-errormessage=\"wpforms-14-field_1-error\" required><label for=\"wpforms-14-field_1\" class=\"wpforms-field-sublabel after\">Pr\u00e9nom<\/label><\/div><div class=\"wpforms-field-row-block wpforms-one-half\"><input type=\"text\" id=\"wpforms-14-field_1-last\" class=\"wpforms-field-name-last wpforms-field-required\" name=\"wpforms[fields][1][last]\" aria-errormessage=\"wpforms-14-field_1-last-error\" required><label for=\"wpforms-14-field_1-last\" class=\"wpforms-field-sublabel after\">Nom<\/label><\/div><\/div><\/fieldset><\/div><div id=\"wpforms-14-field_2-container\" class=\"wpforms-field wpforms-field-email\" data-field-id=\"2\"><label class=\"wpforms-field-label\" for=\"wpforms-14-field_2\">Adresse mail <span class=\"wpforms-required-label\" aria-hidden=\"true\">*<\/span><\/label><input type=\"email\" id=\"wpforms-14-field_2\" class=\"wpforms-field-medium wpforms-field-required\" name=\"wpforms[fields][2]\" spellcheck=\"false\" aria-errormessage=\"wpforms-14-field_2-error\" required><\/div><div id=\"wpforms-14-field_3-container\" class=\"wpforms-field wpforms-field-textarea\" data-field-id=\"3\"><label class=\"wpforms-field-label\" for=\"wpforms-14-field_3\">Faites-nous part de votre projet<\/label><textarea id=\"wpforms-14-field_3\" class=\"wpforms-field-medium\" name=\"wpforms[fields][3]\" aria-errormessage=\"wpforms-14-field_3-error\" ><\/textarea><\/div><script>\n\t\t\t\t( function() {\n\t\t\t\t\tconst style = document.createElement( 'style' );\n\t\t\t\t\tstyle.appendChild( document.createTextNode( '#wpforms-14-field_4-container { position: absolute !important; overflow: hidden !important; display: inline !important; height: 1px !important; width: 1px !important; z-index: -1000 !important; padding: 0 !important; } #wpforms-14-field_4-container input { visibility: hidden; } #wpforms-conversational-form-page #wpforms-14-field_4-container label { counter-increment: none; }' ) );\n\t\t\t\t\tdocument.head.appendChild( style );\n\t\t\t\t\tdocument.currentScript?.remove();\n\t\t\t\t} )();\n\t\t\t<\/script><\/div><!-- .wpforms-field-container --><div class=\"wpforms-submit-container\" ><input type=\"hidden\" name=\"wpforms[id]\" value=\"14\"><input type=\"hidden\" name=\"page_title\" value=\"\"><input type=\"hidden\" name=\"page_url\" value=\"https:\/\/www.gscconsulting.fr\/index.php?rest_route=\/wp\/v2\/pages\/185\"><input type=\"hidden\" name=\"url_referer\" value=\"\"><button type=\"submit\" name=\"wpforms[submit]\" id=\"wpforms-submit-14\" class=\"wpforms-submit\" data-alt-text=\"Envoi en cours...\" data-submit-text=\"Envoyer\" aria-live=\"assertive\" value=\"wpforms-submit\">Envoyer<\/button><img decoding=\"async\" src=\"https:\/\/www.gscconsulting.fr\/wp-content\/plugins\/wpforms-lite\/assets\/images\/submit-spin.svg\" class=\"wpforms-submit-spinner\" style=\"display: none;\" width=\"26\" height=\"26\" alt=\"Chargement en cours\"><\/div><\/form><\/div>  <!-- .wpforms-container -->            <\/div>\n\t\t\t\t<\/div>\n\t\t\t\t<\/div>\n\t\t\t\t\t<\/div>\n\t\t\t\t<\/div>\n\t\t<div class=\"elementor-element elementor-element-f0e5d03 e-flex e-con-boxed e-con e-parent\" data-id=\"f0e5d03\" data-element_type=\"container\" data-e-type=\"container\" data-settings=\"{&quot;background_background&quot;:&quot;classic&quot;,&quot;shape_divider_top&quot;:&quot;mountains&quot;}\">\n\t\t\t\t\t<div class=\"e-con-inner\">\n\t\t\t\t<div class=\"elementor-shape elementor-shape-top\" aria-hidden=\"true\" data-negative=\"false\">\n\t\t\t<svg xmlns=\"http:\/\/www.w3.org\/2000\/svg\" viewBox=\"0 0 1000 100\" preserveAspectRatio=\"none\">\n\t<path class=\"elementor-shape-fill\" opacity=\"0.33\" d=\"M473,67.3c-203.9,88.3-263.1-34-320.3,0C66,119.1,0,59.7,0,59.7V0h1000v59.7 c0,0-62.1,26.1-94.9,29.3c-32.8,3.3-62.8-12.3-75.8-22.1C806,49.6,745.3,8.7,694.9,4.7S492.4,59,473,67.3z\"\/>\n\t<path class=\"elementor-shape-fill\" opacity=\"0.66\" d=\"M734,67.3c-45.5,0-77.2-23.2-129.1-39.1c-28.6-8.7-150.3-10.1-254,39.1 s-91.7-34.4-149.2,0C115.7,118.3,0,39.8,0,39.8V0h1000v36.5c0,0-28.2-18.5-92.1-18.5C810.2,18.1,775.7,67.3,734,67.3z\"\/>\n\t<path class=\"elementor-shape-fill\" d=\"M766.1,28.9c-200-57.5-266,65.5-395.1,19.5C242,1.8,242,5.4,184.8,20.6C128,35.8,132.3,44.9,89.9,52.5C28.6,63.7,0,0,0,0 h1000c0,0-9.9,40.9-83.6,48.1S829.6,47,766.1,28.9z\"\/>\n<\/svg>\t\t<\/div>\n\t\t\t\t<div class=\"elementor-element elementor-element-0e4a773 elementor-widget elementor-widget-html\" data-id=\"0e4a773\" data-element_type=\"widget\" data-e-type=\"widget\" data-widget_type=\"html.default\">\n\t\t\t\t\t<link href=\"https:\/\/fonts.googleapis.com\/css2?family=Advent+Pro:wght@400;500&family=Lato:wght@300&display=swap\" rel=\"stylesheet\">\n\n<style>\n  :root {\n    --dark:   #09393D;\n    --mid:    #2B8596;\n    --light:  #6ecbdb;\n    --orange: #FF893C;\n    --peach:  #FFE8E1;\n    --off:    #F8F6F2;\n    --muted:  #5a7275;\n  }\n\n  .trio-section {\n    background: transparent;\n    padding: 4rem 6%;\n    font-family: 'Lato', sans-serif;\n    box-sizing: border-box;\n    width: 100%;\n  }\n\n  .trio-grid {\n    display: grid;\n    grid-template-columns: repeat(3, 1fr);\n    gap: 2rem;\n    max-width: 960px;\n    margin: 0 auto;\n  }\n\n  .trio-card {\n    display: flex;\n    flex-direction: column;\n    align-items: center;\n    text-align: center;\n    gap: 1.2rem;\n    padding: 2.5rem 1.8rem 2rem;\n    background: #ffffff;\n    border-radius: 8px;\n    border: 1.5px solid rgba(43,133,150,.15);\n    box-shadow: 0 4px 24px rgba(9,57,61,.06);\n    opacity: 0;\n    transform: translateY(22px);\n    transition: opacity .7s ease, transform .7s cubic-bezier(.22,.68,0,1.1);\n  }\n\n  .trio-card:nth-child(2) { transition-delay: .12s; }\n  .trio-card:nth-child(3) { transition-delay: .24s; }\n  .trio-card.visible { opacity: 1; transform: translateY(0); }\n\n  .trio-svg {\n    width: 72px;\n    height: 72px;\n    flex-shrink: 0;\n  }\n\n  .trio-svg svg { width: 100%; height: 100%; overflow: visible; }\n\n  .trio-card h3 {\n    font-family: 'Advent Pro', sans-serif;\n    font-size: 17px;\n    font-weight: 500;\n    text-transform: uppercase;\n    letter-spacing: .07em;\n    color: var(--orange);\n    margin: 0;\n    line-height: 1.25;\n  }\n\n  .trio-card p {\n    font-family: 'Lato', sans-serif;\n    font-size: 14.5px;\n    font-weight: 300;\n    color: var(--muted);\n    line-height: 1.72;\n    margin: 0;\n  }\n\n  @media (max-width: 700px) {\n    .trio-grid { grid-template-columns: 1fr; max-width: 420px; }\n    .trio-card { transform: translateY(16px); }\n  }\n\n  @media (prefers-reduced-motion: reduce) {\n    .trio-card { opacity: 1; transform: none; }\n  }\n<\/style>\n\n<section class=\"trio-section\">\n  <div class=\"trio-grid\">\n\n    <!-- 1 : R\u00e9ponse rapide \u2014 enveloppe -->\n    <div class=\"trio-card\">\n      <div class=\"trio-svg\" aria-hidden=\"true\">\n        <svg viewBox=\"0 0 72 72\" fill=\"none\">\n          <rect x=\"8\" y=\"24\" width=\"56\" height=\"36\" rx=\"3\" stroke=\"var(--dark)\" stroke-width=\"1.6\" fill=\"none\"\/>\n          <line x1=\"8\" y1=\"60\" x2=\"30\" y2=\"43\" stroke=\"rgba(43,133,150,.25)\" stroke-width=\"1.2\"\/>\n          <line x1=\"64\" y1=\"60\" x2=\"42\" y2=\"43\" stroke=\"rgba(43,133,150,.25)\" stroke-width=\"1.2\"\/>\n          <!-- Rabat -->\n          <path id=\"flap1\" d=\"M8 24 L36 46 L64 24\" stroke=\"var(--mid)\" stroke-width=\"1.5\" fill=\"none\" stroke-linejoin=\"round\"\/>\n          <!-- Document anim\u00e9 -->\n          <g id=\"doc1\">\n            <rect x=\"27\" y=\"9\" width=\"18\" height=\"22\" rx=\"2\" fill=\"var(--peach)\" stroke=\"var(--orange)\" stroke-width=\"1.4\"\/>\n            <line x1=\"31\" y1=\"15\" x2=\"41\" y2=\"15\" stroke=\"var(--mid)\" stroke-width=\"1\" stroke-linecap=\"round\"\/>\n            <line x1=\"31\" y1=\"19\" x2=\"41\" y2=\"19\" stroke=\"var(--mid)\" stroke-width=\"1\" stroke-linecap=\"round\"\/>\n            <line x1=\"31\" y1=\"23\" x2=\"38\" y2=\"23\" stroke=\"var(--mid)\" stroke-width=\"1\" stroke-linecap=\"round\"\/>\n          <\/g>\n        <\/svg>\n      <\/div>\n      <h3>R\u00e9ponse rapide<\/h3>\n      <p>Nous lisons chaque message avec attention et vous recontactons rapidement pour qualifier votre besoin.<\/p>\n    <\/div>\n\n    <!-- 2 : Strat\u00e9gie p\u00e9renne \u2014 engrenages -->\n    <div class=\"trio-card\">\n      <div class=\"trio-svg\" aria-hidden=\"true\">\n        <svg viewBox=\"0 0 72 72\" fill=\"none\">\n          <!-- Grand engrenage centr\u00e9 l\u00e9g\u00e8rement \u00e0 gauche -->\n          <g id=\"gear-big\">\n            <!-- Corps -->\n            <circle cx=\"28\" cy=\"38\" r=\"14\" stroke=\"var(--dark)\" stroke-width=\"1.5\" fill=\"none\"\/>\n            <circle cx=\"28\" cy=\"38\" r=\"4.5\" fill=\"var(--dark)\" opacity=\".15\" stroke=\"var(--dark)\" stroke-width=\"1.2\"\/>\n            <!-- Dents (8 dents) -->\n            <rect x=\"26\" y=\"22\" width=\"4\" height=\"5\" rx=\"1\" fill=\"var(--dark)\"\/>\n            <rect x=\"26\" y=\"49\" width=\"4\" height=\"5\" rx=\"1\" fill=\"var(--dark)\"\/>\n            <rect x=\"12\" y=\"36\" width=\"5\" height=\"4\" rx=\"1\" fill=\"var(--dark)\"\/>\n            <rect x=\"39\" y=\"36\" width=\"5\" height=\"4\" rx=\"1\" fill=\"var(--dark)\"\/>\n            <rect x=\"16.5\" y=\"25.5\" width=\"4\" height=\"5\" rx=\"1\" fill=\"var(--dark)\" transform=\"rotate(45 18.5 28)\"\/>\n            <rect x=\"37.5\" y=\"25.5\" width=\"4\" height=\"5\" rx=\"1\" fill=\"var(--dark)\" transform=\"rotate(-45 39.5 28)\"\/>\n            <rect x=\"16.5\" y=\"41.5\" width=\"4\" height=\"5\" rx=\"1\" fill=\"var(--dark)\" transform=\"rotate(-45 18.5 44)\"\/>\n            <rect x=\"37.5\" y=\"41.5\" width=\"4\" height=\"5\" rx=\"1\" fill=\"var(--dark)\" transform=\"rotate(45 39.5 44)\"\/>\n          <\/g>\n\n          <!-- Petit engrenage haut-droite -->\n          <g id=\"gear-small\">\n            <circle cx=\"50\" cy=\"24\" r=\"9\" stroke=\"var(--mid)\" stroke-width=\"1.4\" fill=\"none\"\/>\n            <circle cx=\"50\" cy=\"24\" r=\"3\" fill=\"var(--mid)\" opacity=\".2\" stroke=\"var(--mid)\" stroke-width=\"1.1\"\/>\n            <!-- Dents (6 dents) -->\n            <rect x=\"48.2\" y=\"13\" width=\"3.6\" height=\"4\" rx=\".8\" fill=\"var(--mid)\"\/>\n            <rect x=\"48.2\" y=\"29\" width=\"3.6\" height=\"4\" rx=\".8\" fill=\"var(--mid)\"\/>\n            <rect x=\"39\" y=\"22.2\" width=\"4\" height=\"3.6\" rx=\".8\" fill=\"var(--mid)\"\/>\n            <rect x=\"57\" y=\"22.2\" width=\"4\" height=\"3.6\" rx=\".8\" fill=\"var(--mid)\"\/>\n            <rect x=\"41.5\" y=\"15.5\" width=\"3.6\" height=\"4\" rx=\".8\" fill=\"var(--mid)\" transform=\"rotate(60 43.3 17.5)\"\/>\n            <rect x=\"41.5\" y=\"26.5\" width=\"3.6\" height=\"4\" rx=\".8\" fill=\"var(--mid)\" transform=\"rotate(-60 43.3 28.5)\"\/>\n          <\/g>\n\n          <!-- Petit engrenage bas-droite, orange -->\n          <g id=\"gear-accent\">\n            <circle cx=\"52\" cy=\"52\" r=\"8\" stroke=\"var(--orange)\" stroke-width=\"1.4\" fill=\"none\"\/>\n            <circle cx=\"52\" cy=\"52\" r=\"2.8\" fill=\"var(--orange)\" opacity=\".2\" stroke=\"var(--orange)\" stroke-width=\"1.1\"\/>\n            <!-- Dents (6 dents) -->\n            <rect x=\"50.2\" y=\"42\" width=\"3.6\" height=\"4\" rx=\".8\" fill=\"var(--orange)\"\/>\n            <rect x=\"50.2\" y=\"58\" width=\"3.6\" height=\"4\" rx=\".8\" fill=\"var(--orange)\"\/>\n            <rect x=\"42\" y=\"50.2\" width=\"4\" height=\"3.6\" rx=\".8\" fill=\"var(--orange)\"\/>\n            <rect x=\"58\" y=\"50.2\" width=\"4\" height=\"3.6\" rx=\".8\" fill=\"var(--orange)\"\/>\n            <rect x=\"43.8\" y=\"44.2\" width=\"3.6\" height=\"4\" rx=\".8\" fill=\"var(--orange)\" transform=\"rotate(60 45.6 46.2)\"\/>\n            <rect x=\"43.8\" y=\"55.8\" width=\"3.6\" height=\"4\" rx=\".8\" fill=\"var(--orange)\" transform=\"rotate(-60 45.6 57.8)\"\/>\n          <\/g>\n        <\/svg>\n      <\/div>\n      <h3>Strat\u00e9gie p\u00e9renne<\/h3>\n      <p>Nous construisons avec vous des solutions durables, adapt\u00e9es \u00e0 votre organisation et \u00e0 votre trajectoire de d\u00e9veloppement.<\/p>\n    <\/div>\n\n    <!-- 3 : Conseil ind\u00e9pendant \u2014 boussole -->\n    <div class=\"trio-card\">\n      <div class=\"trio-svg\" aria-hidden=\"true\">\n        <svg viewBox=\"0 0 72 72\" fill=\"none\">\n          <circle cx=\"36\" cy=\"36\" r=\"28\" stroke=\"var(--dark)\" stroke-width=\"1.6\" fill=\"none\"\/>\n          <circle cx=\"36\" cy=\"36\" r=\"19\" stroke=\"rgba(43,133,150,.2)\" stroke-width=\"1\" fill=\"none\"\/>\n          <line x1=\"36\" y1=\"8\" x2=\"36\" y2=\"14\" stroke=\"var(--dark)\" stroke-width=\"1.6\" stroke-linecap=\"round\"\/>\n          <line x1=\"36\" y1=\"58\" x2=\"36\" y2=\"64\" stroke=\"var(--dark)\" stroke-width=\"1.4\" stroke-linecap=\"round\"\/>\n          <line x1=\"8\" y1=\"36\" x2=\"14\" y2=\"36\" stroke=\"var(--dark)\" stroke-width=\"1.4\" stroke-linecap=\"round\"\/>\n          <line x1=\"58\" y1=\"36\" x2=\"64\" y2=\"36\" stroke=\"var(--dark)\" stroke-width=\"1.4\" stroke-linecap=\"round\"\/>\n          <text x=\"33.5\" y=\"22\" font-family=\"Advent Pro,sans-serif\" font-size=\"7\" fill=\"var(--dark)\" font-weight=\"500\">N<\/text>\n          <text x=\"33.5\" y=\"57\" font-family=\"Advent Pro,sans-serif\" font-size=\"6\" fill=\"var(--muted)\">S<\/text>\n          <text x=\"11\"   y=\"39\" font-family=\"Advent Pro,sans-serif\" font-size=\"6\" fill=\"var(--muted)\">O<\/text>\n          <text x=\"57\"   y=\"39\" font-family=\"Advent Pro,sans-serif\" font-size=\"6\" fill=\"var(--muted)\">E<\/text>\n          <g id=\"needle2\">\n            <polygon points=\"36,15 38.2,36 36,38.5 33.8,36\" fill=\"var(--orange)\"\/>\n            <polygon points=\"36,57 38.2,36 36,33.5 33.8,36\" fill=\"rgba(9,57,61,.3)\"\/>\n            <circle cx=\"36\" cy=\"36\" r=\"2.8\" fill=\"var(--dark)\"\/>\n          <\/g>\n        <\/svg>\n      <\/div>\n      <h3>Conseil ind\u00e9pendant<\/h3>\n      <p>Nous vous orientons sans parti pris, avec une vision globale de vos enjeux immobiliers et organisationnels.<\/p>\n    <\/div>\n\n  <\/div>\n<\/section>\n\n<script>\n  \/* \u2500\u2500 APPARITION AU SCROLL \u2500\u2500 *\/\n  const cards = Array.from(document.querySelectorAll('.trio-card'));\n  const obs = new IntersectionObserver(entries => {\n    entries.forEach(e => { if (e.isIntersecting) { e.target.classList.add('visible'); obs.unobserve(e.target); } });\n  }, { threshold: 0.15 });\n  cards.forEach(c => obs.observe(c));\n\n  \/* \u2500\u2500 ENVELOPPE : document flottant \u2500\u2500 *\/\n  const doc1 = document.getElementById('doc1');\n  let dY = 0, dDir = -1;\n  (function envLoop() {\n    dY += dDir * 0.3;\n    if (dY < -9) dDir = 1;\n    if (dY >  0) { dY = 0; dDir = -1; }\n    doc1.setAttribute('transform', `translate(0,${dY})`);\n    requestAnimationFrame(envLoop);\n  })();\n\n  \/* \u2500\u2500 ENGRENAGES : rotation contra-rotative \u2500\u2500 *\/\n  const gearBig    = document.getElementById('gear-big');\n  const gearSmall  = document.getElementById('gear-small');\n  const gearAccent = document.getElementById('gear-accent');\n  let gA = 0;\n  (function gearLoop() {\n    gA += 0.4;\n    gearBig.setAttribute('transform',    `rotate(${gA},      28, 38)`);\n    gearSmall.setAttribute('transform',  `rotate(${-gA * 1.55}, 50, 24)`);\n    gearAccent.setAttribute('transform', `rotate(${-gA * 1.75}, 52, 52)`);\n    requestAnimationFrame(gearLoop);\n  })();\n\n  \/* \u2500\u2500 BOUSSOLE : oscillation ample et visible \u2500\u2500 *\/\n  const needle2 = document.getElementById('needle2');\n  (function needleLoop() {\n    const t = Date.now() * 0.001;\n    \/\/ Oscillation principale lente + micro-tremblement\n    const angle = Math.sin(t * 0.6) * 28 + Math.sin(t * 1.9) * 6;\n    needle2.setAttribute('transform', `rotate(${angle},36,36)`);\n    requestAnimationFrame(needleLoop);\n  })();\n\n\n<\/script>\t\t\t\t<\/div>\n\t\t\t\t\t<\/div>\n\t\t\t\t<\/div>\n\t\t<div class=\"elementor-element elementor-element-d7ddc73 e-flex e-con-boxed e-con e-parent\" data-id=\"d7ddc73\" data-element_type=\"container\" data-e-type=\"container\">\n\t\t\t\t\t<div class=\"e-con-inner\">\n\t\t\t\t<div class=\"elementor-element elementor-element-b97c9f1 elementor-widget elementor-widget-spacer\" data-id=\"b97c9f1\" data-element_type=\"widget\" data-e-type=\"widget\" data-widget_type=\"spacer.default\">\n\t\t\t\t\t\t\t<div class=\"elementor-spacer\">\n\t\t\t<div class=\"elementor-spacer-inner\"><\/div>\n\t\t<\/div>\n\t\t\t\t\t\t<\/div>\n\t\t\t\t\t<\/div>\n\t\t\t\t<\/div>\n\t\t\t\t<\/div>\n\t\t","protected":false},"excerpt":{"rendered":"<p>Parlons de votre projet ! Depuis plus de 25 ans, GSC Consultants accompagne les directions immobili\u00e8res et les services g\u00e9n\u00e9raux des grandes entreprises fran\u00e7aises. Que vous envisagiez une relocalisation, une optimisation de votre patrimoine ou une refonte de vos espaces de travail, notre \u00e9quipe analyse votre situation avec pr\u00e9cision et vous propose une approche sur [&hellip;]<\/p>\n","protected":false},"author":2,"featured_media":0,"parent":0,"menu_order":0,"comment_status":"closed","ping_status":"closed","template":"elementor_header_footer","meta":{"footnotes":""},"class_list":["post-185","page","type-page","status-publish","hentry","entry"],"_links":{"self":[{"href":"https:\/\/www.gscconsulting.fr\/index.php?rest_route=\/wp\/v2\/pages\/185","targetHints":{"allow":["GET"]}}],"collection":[{"href":"https:\/\/www.gscconsulting.fr\/index.php?rest_route=\/wp\/v2\/pages"}],"about":[{"href":"https:\/\/www.gscconsulting.fr\/index.php?rest_route=\/wp\/v2\/types\/page"}],"author":[{"embeddable":true,"href":"https:\/\/www.gscconsulting.fr\/index.php?rest_route=\/wp\/v2\/users\/2"}],"replies":[{"embeddable":true,"href":"https:\/\/www.gscconsulting.fr\/index.php?rest_route=%2Fwp%2Fv2%2Fcomments&post=185"}],"version-history":[{"count":19,"href":"https:\/\/www.gscconsulting.fr\/index.php?rest_route=\/wp\/v2\/pages\/185\/revisions"}],"predecessor-version":[{"id":212,"href":"https:\/\/www.gscconsulting.fr\/index.php?rest_route=\/wp\/v2\/pages\/185\/revisions\/212"}],"wp:attachment":[{"href":"https:\/\/www.gscconsulting.fr\/index.php?rest_route=%2Fwp%2Fv2%2Fmedia&parent=185"}],"curies":[{"name":"wp","href":"https:\/\/api.w.org\/{rel}","templated":true}]}}